{"id":104,"date":"2020-12-29T12:52:46","date_gmt":"2020-12-29T12:52:46","guid":{"rendered":"https:\/\/pferdepension-verl.de\/?page_id=104"},"modified":"2020-12-29T13:07:53","modified_gmt":"2020-12-29T13:07:53","slug":"willkommen","status":"publish","type":"page","link":"https:\/\/pferdepension-verl.de\/","title":{"rendered":"Willkommen"},"content":{"rendered":"<p><strong>Liebe Pferdefreunde,<\/strong><\/p>\n<p>auf den folgenden Seiten k\u00f6nnen Sie sich \u00fcber unseren Hof am Rande von Verl informieren.<\/p>\n<p>Nat\u00fcrlich k\u00f6nnen Sie auch gerne pers\u00f6nlich vorbeikommen um sich einen Eindruck zu verschaffen.<\/p>\n<p>Bei uns besteht die Herde aus Stuten und Wallachen. Hengste k\u00f6nnen wir nicht einstellen.<\/p>\n<p>In den Sommermonaten wechselt die Herde t\u00e4glich die Weide, um die Weidefl\u00e4chen zu schonen und Pflegema\u00dfnahmen (Absaugen der \u201ePferde\u00e4ppel\u201c, Nachsaat usw. ) durchzuf\u00fchren.<\/p>\n<p>Ein beleuchteter Reitplatz (20\u00d740 Meter) steht Ihnen zur Verf\u00fcgung.<\/p>\n<p>Wenn Sie daran interessiert sind Ihr Pferd in einer Reithalle zu bewegen, ist die Reithalle Verl in wenigen Minuten erreichbar.<\/p>\n<p>Ich bin Mitglied der <strong>Berufsgenossenschaft Transport und Verkehr<\/strong> (zust\u00e4ndig f\u00fcr gewerbliche Reittier-, Gespann- und Stallhaltung).<\/p>\n<p>Des Weiteren bin ich Mitglied&nbsp;<strong><a href=\"http:\/\/mein-dfz.de\/\" target=\"_blank\" rel=\"noopener noreferrer\">des DFZ \u2013 Deutsche Friesenz\u00fcchter im K.F.P.S.<\/a><\/strong>.<\/p>\n<p>Als Inhaber des \u201e<strong>Bef\u00e4higungsnachweis gem\u00e4\u00df VO EG 1\/2005 f\u00fcr Tiertransporte<\/strong>\u201c transportiere ich auch gern Ihr Pferd. Gern unterbreite ich Ihnen ein individuell auf Sie zugeschnittenes Angebot.<\/p>\n<p>Sie erreichen mich unter den Telefonnummern<strong>&nbsp;0 15 1 \/ 158 432 12&nbsp;<\/strong><\/p>\n<p><strong>Ich freue mich auf Ihre Anfrage!<\/strong><\/p>\n<p>Ihr Peter Heidmeier<\/p>\n<p>Impressionen:<\/p>\n<p><img loading=\"lazy\" decoding=\"async\" class=\"alignnone size-medium wp-image-95\" src=\"https:\/\/pferdepension-verl.de\/wp-content\/uploads\/2020\/12\/0160e66f-96a8-4e31-b361-812bca6ee4b4-300x200.jpg\" alt=\"\" width=\"300\" height=\"200\" srcset=\"https:\/\/pferdepension-verl.de\/wp-content\/uploads\/2020\/12\/0160e66f-96a8-4e31-b361-812bca6ee4b4-300x200.jpg 300w, https:\/\/pferdepension-verl.de\/wp-content\/uploads\/2020\/12\/0160e66f-96a8-4e31-b361-812bca6ee4b4-768x512.jpg 768w, https:\/\/pferdepension-verl.de\/wp-content\/uploads\/2020\/12\/0160e66f-96a8-4e31-b361-812bca6ee4b4.jpg 1024w\" sizes=\"auto, (max-width: 300px) 100vw, 300px\" \/> <img loading=\"lazy\" decoding=\"async\" class=\"alignnone size-full wp-image-96\" src=\"https:\/\/pferdepension-verl.de\/wp-content\/uploads\/2020\/12\/cropped-49fce9b0-18bc-4f08-9f8c-12a4f0255dc0.jpg\" alt=\"\" width=\"190\" height=\"190\" srcset=\"https:\/\/pferdepension-verl.de\/wp-content\/uploads\/2020\/12\/cropped-49fce9b0-18bc-4f08-9f8c-12a4f0255dc0.jpg 190w, https:\/\/pferdepension-verl.de\/wp-content\/uploads\/2020\/12\/cropped-49fce9b0-18bc-4f08-9f8c-12a4f0255dc0-150x150.jpg 150w\" sizes=\"auto, (max-width: 190px) 100vw, 190px\" \/> <img loading=\"lazy\" decoding=\"async\" class=\"alignnone size-medium wp-image-77\" src=\"https:\/\/pferdepension-verl.de\/wp-content\/uploads\/2020\/12\/IMG_89911-300x96.jpg\" alt=\"\" width=\"300\" height=\"96\" srcset=\"https:\/\/pferdepension-verl.de\/wp-content\/uploads\/2020\/12\/IMG_89911-300x96.jpg 300w, https:\/\/pferdepension-verl.de\/wp-content\/uploads\/2020\/12\/IMG_89911.jpg 480w\" sizes=\"auto, (max-width: 300px) 100vw, 300px\" \/> <img loading=\"lazy\" decoding=\"async\" class=\"alignnone size-full wp-image-73\" src=\"https:\/\/pferdepension-verl.de\/wp-content\/uploads\/2020\/12\/IMG_9499-300x146-1.jpg\" alt=\"\" width=\"300\" height=\"146\"><img loading=\"lazy\" decoding=\"async\" class=\"size-medium wp-image-88\" src=\"https:\/\/pferdepension-verl.de\/wp-content\/uploads\/2020\/12\/IMG_0844-214x300.jpg\" alt=\"pferdepension-verl.de\" width=\"214\" height=\"300\" srcset=\"https:\/\/pferdepension-verl.de\/wp-content\/uploads\/2020\/12\/IMG_0844-214x300.jpg 214w, https:\/\/pferdepension-verl.de\/wp-content\/uploads\/2020\/12\/IMG_0844-731x1024.jpg 731w, https:\/\/pferdepension-verl.de\/wp-content\/uploads\/2020\/12\/IMG_0844-768x1076.jpg 768w, https:\/\/pferdepension-verl.de\/wp-content\/uploads\/2020\/12\/IMG_0844-1096x1536.jpg 1096w, https:\/\/pferdepension-verl.de\/wp-content\/uploads\/2020\/12\/IMG_0844.jpg 1175w\" sizes=\"auto, (max-width: 214px) 100vw, 214px\" \/><img loading=\"lazy\" decoding=\"async\" class=\"alignnone size-medium wp-image-65\" src=\"https:\/\/pferdepension-verl.de\/wp-content\/uploads\/2020\/12\/IMG_9485-300x200.jpg\" alt=\"\" width=\"300\" height=\"200\" srcset=\"https:\/\/pferdepension-verl.de\/wp-content\/uploads\/2020\/12\/IMG_9485-300x200.jpg 300w, https:\/\/pferdepension-verl.de\/wp-content\/uploads\/2020\/12\/IMG_9485.jpg 480w\" sizes=\"auto, (max-width: 300px) 100vw, 300px\" \/> <img loading=\"lazy\" decoding=\"async\" class=\"alignnone wp-image-48 size-full\" src=\"https:\/\/pferdepension-verl.de\/wp-content\/uploads\/2020\/12\/IMG_8985-150x150-1.jpg\" alt=\"\" width=\"150\" height=\"150\" srcset=\"https:\/\/pferdepension-verl.de\/wp-content\/uploads\/2020\/12\/IMG_8985-150x150-1.jpg 150w, https:\/\/pferdepension-verl.de\/wp-content\/uploads\/2020\/12\/IMG_8985-150x150-1-100x100.jpg 100w\" sizes=\"auto, (max-width: 150px) 100vw, 150px\" \/> <img loading=\"lazy\" decoding=\"async\" class=\"alignnone size-full wp-image-40\" src=\"https:\/\/pferdepension-verl.de\/wp-content\/uploads\/2020\/12\/IMG_8956-300x81-1.jpg\" alt=\"\" width=\"300\" height=\"81\"> <img loading=\"lazy\" decoding=\"async\" class=\"alignnone wp-image-22 size-full\" src=\"https:\/\/pferdepension-verl.de\/wp-content\/uploads\/2020\/12\/IMG_8918-300x222-1.jpg\" alt=\"\" width=\"300\" height=\"222\"><\/p>\n","protected":false},"excerpt":{"rendered":"<p>Liebe Pferdefreunde, auf den folgenden Seiten k\u00f6nnen Sie sich \u00fcber unseren Hof am Rande von Verl informieren. Nat\u00fcrlich k\u00f6nnen Sie auch gerne pers\u00f6nlich vorbeikommen um sich einen Eindruck zu verschaffen. Bei uns besteht die Herde aus Stuten und Wallachen. Hengste k\u00f6nnen wir nicht einstellen. In den Sommermonaten wechselt die Herde t\u00e4glich die Weide, um die&hellip; <a class=\"more-link\" href=\"https:\/\/pferdepension-verl.de\/\"><span class=\"screen-reader-text\">Willkommen<\/span> weiterlesen<\/a><\/p>\n","protected":false},"author":1,"featured_media":0,"parent":0,"menu_order":0,"comment_status":"closed","ping_status":"closed","template":"","meta":{"ngg_post_thumbnail":0,"footnotes":""},"class_list":["post-104","page","type-page","status-publish","hentry","entry"],"_links":{"self":[{"href":"https:\/\/pferdepension-verl.de\/index.php\/wp-json\/wp\/v2\/pages\/104","targetHints":{"allow":["GET"]}}],"collection":[{"href":"https:\/\/pferdepension-verl.de\/index.php\/wp-json\/wp\/v2\/pages"}],"about":[{"href":"https:\/\/pferdepension-verl.de\/index.php\/wp-json\/wp\/v2\/types\/page"}],"author":[{"embeddable":true,"href":"https:\/\/pferdepension-verl.de\/index.php\/wp-json\/wp\/v2\/users\/1"}],"replies":[{"embeddable":true,"href":"https:\/\/pferdepension-verl.de\/index.php\/wp-json\/wp\/v2\/comments?post=104"}],"version-history":[{"count":6,"href":"https:\/\/pferdepension-verl.de\/index.php\/wp-json\/wp\/v2\/pages\/104\/revisions"}],"predecessor-version":[{"id":115,"href":"https:\/\/pferdepension-verl.de\/index.php\/wp-json\/wp\/v2\/pages\/104\/revisions\/115"}],"wp:attachment":[{"href":"https:\/\/pferdepension-verl.de\/index.php\/wp-json\/wp\/v2\/media?parent=104"}],"curies":[{"name":"wp","href":"https:\/\/api.w.org\/{rel}","templated":true}]}}